{"id":420,"date":"2022-09-07T08:53:15","date_gmt":"2022-09-07T06:53:15","guid":{"rendered":"https:\/\/calorstat-classic.com\/?page_id=420"},"modified":"2022-09-29T15:21:50","modified_gmt":"2022-09-29T13:21:50","slug":"histoire","status":"publish","type":"page","link":"https:\/\/calorstat-classic.com\/index.php\/fr\/histoire\/","title":{"rendered":"Histoire"},"content":{"rendered":"\t\t<div data-elementor-type=\"wp-page\" data-elementor-id=\"420\" class=\"elementor elementor-420\" data-elementor-post-type=\"page\">\n\t\t\t\t\t\t<section class=\"elementor-section elementor-top-section elementor-element elementor-element-1fd21505 elementor-section-height-min-height elementor-section-boxed elementor-section-height-default elementor-section-items-middle\" data-id=\"1fd21505\" data-element_type=\"section\" data-e-type=\"section\" data-settings=\"{&quot;background_background&quot;:&quot;classic&quot;}\">\n\t\t\t\t\t\t\t<div class=\"elementor-background-overlay\"><\/div>\n\t\t\t\t\t\t\t<div class=\"elementor-container elementor-column-gap-default\">\n\t\t\t\t\t<div class=\"elementor-column elementor-col-100 elementor-top-column elementor-element elementor-element-1dea3111\" data-id=\"1dea3111\" data-element_type=\"column\" data-e-type=\"column\">\n\t\t\t<div class=\"elementor-widget-wrap elementor-element-populated\">\n\t\t\t\t\t\t<div class=\"elementor-element elementor-element-73836dfc elementor-widget elementor-widget-heading\" data-id=\"73836dfc\" data-element_type=\"widget\" data-e-type=\"widget\" data-settings=\"{&quot;motion_fx_motion_fx_scrolling&quot;:&quot;yes&quot;,&quot;motion_fx_devices&quot;:[&quot;desktop&quot;,&quot;tablet&quot;,&quot;mobile&quot;]}\" data-widget_type=\"heading.default\">\n\t\t\t\t<div class=\"elementor-widget-container\">\n\t\t\t\t\t<h2 class=\"elementor-heading-title elementor-size-default\">hISTOIRE<\/h2>\t\t\t\t<\/div>\n\t\t\t\t<\/div>\n\t\t\t\t\t<\/div>\n\t\t<\/div>\n\t\t\t\t\t<\/div>\n\t\t<\/section>\n\t\t\t\t<section class=\"elementor-section elementor-top-section elementor-element elementor-element-5d1a79e0 elementor-section-boxed elementor-section-height-default elementor-section-height-default\" data-id=\"5d1a79e0\" data-element_type=\"section\" data-e-type=\"section\">\n\t\t\t\t\t\t<div class=\"elementor-container elementor-column-gap-default\">\n\t\t\t\t\t<div class=\"elementor-column elementor-col-100 elementor-top-column elementor-element elementor-element-223018ee\" data-id=\"223018ee\" data-element_type=\"column\" data-e-type=\"column\">\n\t\t\t<div class=\"elementor-widget-wrap elementor-element-populated\">\n\t\t\t\t\t\t\t<\/div>\n\t\t<\/div>\n\t\t\t\t\t<\/div>\n\t\t<\/section>\n\t\t\t\t<section class=\"elementor-section elementor-top-section elementor-element elementor-element-11dec64 elementor-section-boxed elementor-section-height-default elementor-section-height-default\" data-id=\"11dec64\" data-element_type=\"section\" data-e-type=\"section\">\n\t\t\t\t\t\t<div class=\"elementor-container elementor-column-gap-default\">\n\t\t\t\t\t<div class=\"elementor-column elementor-col-100 elementor-top-column elementor-element elementor-element-125d5e8\" data-id=\"125d5e8\" data-element_type=\"column\" data-e-type=\"column\">\n\t\t\t<div class=\"elementor-widget-wrap elementor-element-populated\">\n\t\t\t\t\t\t<div class=\"elementor-element elementor-element-6735bcc elementor-widget elementor-widget-timeline-widget-addon\" data-id=\"6735bcc\" data-element_type=\"widget\" data-e-type=\"widget\" data-widget_type=\"timeline-widget-addon.default\">\n\t\t\t\t<div class=\"elementor-widget-container\">\n\t\t\t\t\t<!-- ========= Timeline Widget Addon For Elementor 1.6.24 ========= -->\n<div id=\"twae-wrapper-6735bcc\" class=\"twae-vertical twae-wrapper  twae-both-sided\">   \n    <div class=\"twae-start\"><\/div>    \n    <div id=\"twea-timeline-6735bcc\" class=\"twae-timeline\" ><!-- Start of Story Repeater Content --><div id=\"story-2e5a16b\" class=\"twae-story twae-repeater-item twae-story-right twae-story-no-icon\"><!-- Story Label --><div class=\"twae-labels\"><div class=\"twae-label-big\">1927<\/div><\/div><!-- Story Icon --><div class=\"twae-icon\"><\/div><!-- Story Arrow --><div class=\"twae-arrow\"><\/div><!-- Start of Story Content --><div class=\"twae-content\"><!-- Story Title --><div class=\"twae-title\">CR\u00c9ATION DE CALORSTAT PAR EDGAR B FRANK<\/div><!-- Story Image --><div class=\"twae-media large\"><img fetchpriority=\"high\" decoding=\"async\" width=\"750\" height=\"359\" src=\"https:\/\/calorstat-classic.com\/wp-content\/uploads\/2022\/06\/journee-de-la-collection-1024x490.jpg\" class=\"attachment-large size-large\" alt=\"\" srcset=\"https:\/\/calorstat-classic.com\/wp-content\/uploads\/2022\/06\/journee-de-la-collection-1024x490.jpg 1024w, https:\/\/calorstat-classic.com\/wp-content\/uploads\/2022\/06\/journee-de-la-collection-300x144.jpg 300w, https:\/\/calorstat-classic.com\/wp-content\/uploads\/2022\/06\/journee-de-la-collection-768x367.jpg 768w, https:\/\/calorstat-classic.com\/wp-content\/uploads\/2022\/06\/journee-de-la-collection.jpg 1200w\" sizes=\"(max-width: 750px) 100vw, 750px\" \/><\/div><!-- Story Description --><div class=\"twae-description\"><p>La cr\u00e9ation de Calorstat en 1927 marque le d\u00e9but d'une histoire familiale destin\u00e9e \u00e0 devenir un succ\u00e8s mondial. Une histoire o\u00f9 l'innovation, la passion, l'exigence et la performance sont partag\u00e9es par tous.<\/p><\/div><\/div><\/div><!-- Start of Story Repeater Content --><div id=\"story-d6fe46f\" class=\"twae-story twae-repeater-item twae-story-left twae-story-no-icon\"><!-- Story Label --><div class=\"twae-labels\"><div class=\"twae-label-big\">1935<\/div><\/div><!-- Story Icon --><div class=\"twae-icon\"><\/div><!-- Story Arrow --><div class=\"twae-arrow\"><\/div><!-- Start of Story Content --><div class=\"twae-content\"><!-- Story Title --><div class=\"twae-title\">SP\u00c9CIALISTE DE LA TEMP\u00c9RATURE<\/div><!-- Story Description --><div class=\"twae-description\"><p>Le r\u00e9gulateur de temp\u00e9rature des chaudi\u00e8res de chauffage central est apparu.<\/p><\/div><\/div><\/div><!-- Start of Story Repeater Content --><div id=\"story-c355144\" class=\"twae-story twae-repeater-item twae-story-right twae-story-no-icon\"><!-- Story Label --><div class=\"twae-labels\"><div class=\"twae-label-big\">1950<\/div><\/div><!-- Story Icon --><div class=\"twae-icon\"><\/div><!-- Story Arrow --><div class=\"twae-arrow\"><\/div><!-- Start of Story Content --><div class=\"twae-content\"><!-- Story Title --><div class=\"twae-title\">\u00caTRE INNOVANT<\/div><!-- Story Image --><div class=\"twae-media large\"><img decoding=\"async\" width=\"750\" height=\"384\" src=\"https:\/\/calorstat-classic.com\/wp-content\/uploads\/2022\/06\/AdobeStock_445798848-1-1024x524.jpeg\" class=\"attachment-large size-large\" alt=\"\" srcset=\"https:\/\/calorstat-classic.com\/wp-content\/uploads\/2022\/06\/AdobeStock_445798848-1-1024x524.jpeg 1024w, https:\/\/calorstat-classic.com\/wp-content\/uploads\/2022\/06\/AdobeStock_445798848-1-300x154.jpeg 300w, https:\/\/calorstat-classic.com\/wp-content\/uploads\/2022\/06\/AdobeStock_445798848-1-768x393.jpeg 768w, https:\/\/calorstat-classic.com\/wp-content\/uploads\/2022\/06\/AdobeStock_445798848-1-1536x786.jpeg 1536w, https:\/\/calorstat-classic.com\/wp-content\/uploads\/2022\/06\/AdobeStock_445798848-1-2048x1048.jpeg 2048w\" sizes=\"(max-width: 750px) 100vw, 750px\" \/><\/div><!-- Story Description --><div class=\"twae-description\"><p>Le thermostat \u00e0 soufflet s'est g\u00e9n\u00e9ralis\u00e9 dans l'industrie automobile. Deux ans plus tard, les proc\u00e9d\u00e9s Vernet sont cr\u00e9\u00e9s.<\/p><\/div><\/div><\/div><!-- Start of Story Repeater Content --><div id=\"story-8b9ba5f\" class=\"twae-story twae-repeater-item twae-story-left twae-story-no-icon\"><!-- Story Label --><div class=\"twae-labels\"><div class=\"twae-label-big\">1962<\/div><\/div><!-- Story Icon --><div class=\"twae-icon\"><\/div><!-- Story Arrow --><div class=\"twae-arrow\"><\/div><!-- Start of Story Content --><div class=\"twae-content\"><!-- Story Title --><div class=\"twae-title\">UNE \u00c9TAPE IMPORTANTE<\/div><!-- Story Image --><div class=\"twae-media large\"><img decoding=\"async\" width=\"363\" height=\"178\" src=\"https:\/\/calorstat-classic.com\/wp-content\/uploads\/2022\/06\/1962.png\" class=\"attachment-large size-large\" alt=\"\" srcset=\"https:\/\/calorstat-classic.com\/wp-content\/uploads\/2022\/06\/1962.png 363w, https:\/\/calorstat-classic.com\/wp-content\/uploads\/2022\/06\/1962-300x147.png 300w, https:\/\/calorstat-classic.com\/wp-content\/uploads\/2022\/06\/1962-360x178.png 360w\" sizes=\"(max-width: 363px) 100vw, 363px\" \/><\/div><!-- Story Description --><div class=\"twae-description\"><p><strong>Calorstat fait l'acquisition de Vernet.<\/strong><\/p><\/div><\/div><\/div><!-- Start of Story Repeater Content --><div id=\"story-f2fb4f5\" class=\"twae-story twae-repeater-item twae-story-right twae-story-no-icon\"><!-- Story Label --><div class=\"twae-labels\"><div class=\"twae-label-big\">1991<\/div><\/div><!-- Story Icon --><div class=\"twae-icon\"><\/div><!-- Story Arrow --><div class=\"twae-arrow\"><\/div><!-- Start of Story Content --><div class=\"twae-content\"><!-- Story Title --><div class=\"twae-title\">DIVISION PI\u00c8CES DE RECHANGE<\/div><!-- Story Description --><div class=\"twae-description\"><p><strong>Lancement de l'activit\u00e9 pi\u00e8ces de rechange au sein de Vernet<\/strong><\/p><\/div><\/div><\/div><!-- Start of Story Repeater Content --><div id=\"story-c5f2149\" class=\"twae-story twae-repeater-item twae-story-left twae-story-no-icon\"><!-- Story Label --><div class=\"twae-labels\"><div class=\"twae-label-big\">2021<\/div><\/div><!-- Story Icon --><div class=\"twae-icon\"><\/div><!-- Story Arrow --><div class=\"twae-arrow\"><\/div><!-- Start of Story Content --><div class=\"twae-content\"><!-- Story Title --><div class=\"twae-title\">BACK TO BASICS<\/div><!-- Story Description --><div class=\"twae-description\"><p><b>Lancement de la gamme Calorstat Classic<\/b><\/p><\/div><\/div><\/div><\/div>\n    <div class=\"twae-end\"><\/div>\n    <\/div><style type=\"text\/css\">.elementor-420 .elementor-element.elementor-element-6735bcc .twae-wrapper.twae-vertical .twae-story{margin-bottom:60px!important}.elementor-420 .elementor-element.elementor-element-6735bcc .twae-wrapper{--tw-cbx-title-color:#FFFFFF;}.elementor-420 .elementor-element.elementor-element-6735bcc .twae-wrapper{--tw-lbl-big-color:#A01717;}.elementor-420 .elementor-element.elementor-element-6735bcc .twae-wrapper{--tw-lbl-small-color:#FFFFFF;}.elementor-420 .elementor-element.elementor-element-6735bcc .twae-wrapper{--tw-cbx-des-color:#FFFFFF;}.elementor-420 .elementor-element.elementor-element-6735bcc .twae-wrapper{--tw-ibx-bg:#B83434;}.elementor-420 .elementor-element.elementor-element-6735bcc .twae-wrapper{--tw-cbx-bg:#182F39}@media (max-width: 1024px){ .twae-wrapper{--tw-ybx-size: 80px !important;}}@media (max-width: 767px){ .twae-wrapper{--tw-ybx-size: 80px !important}}<\/style>\t\t\t\t<\/div>\n\t\t\t\t<\/div>\n\t\t\t\t\t<\/div>\n\t\t<\/div>\n\t\t\t\t\t<\/div>\n\t\t<\/section>\n\t\t\t\t<\/div>\n\t\t","protected":false},"excerpt":{"rendered":"<p>hISTOIRE 1927 CR\u00c9ATION DE CALORSTAT PAR EDGAR B FRANK La cr\u00e9ation de Calorstat en 1927 marque le d\u00e9but d&#8217;une histoire familiale destin\u00e9e \u00e0 devenir un succ\u00e8s mondial. Une histoire o\u00f9 l&#8217;innovation, la passion, l&#8217;exigence et la performance sont partag\u00e9es par tous. 1935 SP\u00c9CIALISTE DE LA TEMP\u00c9RATURE Le r\u00e9gulateur de temp\u00e9rature [&hellip;]<\/p>\n","protected":false},"author":1,"featured_media":0,"parent":0,"menu_order":0,"comment_status":"closed","ping_status":"closed","template":"page-templates\/template-pagebuilder-full-width.php","meta":{"footnotes":""},"class_list":["post-420","page","type-page","status-publish","hentry"],"yoast_head":"<!-- This site is optimized with the Yoast SEO plugin v27.4 - https:\/\/yoast.com\/product\/yoast-seo-wordpress\/ -->\n<title>Histoire - Calorstat Classic<\/title>\n<meta name=\"robots\" content=\"index, follow, max-snippet:-1, max-image-preview:large, max-video-preview:-1\" \/>\n<link rel=\"canonical\" href=\"https:\/\/calorstat-classic.com\/index.php\/fr\/histoire\/\" \/>\n<meta property=\"og:locale\" content=\"en_US\" \/>\n<meta property=\"og:type\" content=\"article\" \/>\n<meta property=\"og:title\" content=\"Histoire - Calorstat Classic\" \/>\n<meta property=\"og:description\" content=\"hISTOIRE 1927 CR\u00c9ATION DE CALORSTAT PAR EDGAR B FRANK La cr\u00e9ation de Calorstat en 1927 marque le d\u00e9but d&#8217;une histoire familiale destin\u00e9e \u00e0 devenir un succ\u00e8s mondial. Une histoire o\u00f9 l&#8217;innovation, la passion, l&#8217;exigence et la performance sont partag\u00e9es par tous. 1935 SP\u00c9CIALISTE DE LA TEMP\u00c9RATURE Le r\u00e9gulateur de temp\u00e9rature [&hellip;]\" \/>\n<meta property=\"og:url\" content=\"https:\/\/calorstat-classic.com\/index.php\/fr\/histoire\/\" \/>\n<meta property=\"og:site_name\" content=\"Calorstat Classic\" \/>\n<meta property=\"article:publisher\" content=\"https:\/\/www.facebook.com\/p\/Calorstat-by-Vernet-100083108571901\/\" \/>\n<meta property=\"article:modified_time\" content=\"2022-09-29T13:21:50+00:00\" \/>\n<meta property=\"og:image\" content=\"https:\/\/calorstat-classic.com\/wp-content\/uploads\/2022\/06\/journee-de-la-collection-1024x490.jpg\" \/>\n<meta name=\"twitter:card\" content=\"summary_large_image\" \/>\n<meta name=\"twitter:label1\" content=\"Est. reading time\" \/>\n\t<meta name=\"twitter:data1\" content=\"1 minute\" \/>\n<script type=\"application\/ld+json\" class=\"yoast-schema-graph\">{\"@context\":\"https:\\\/\\\/schema.org\",\"@graph\":[{\"@type\":\"WebPage\",\"@id\":\"https:\\\/\\\/calorstat-classic.com\\\/index.php\\\/fr\\\/histoire\\\/\",\"url\":\"https:\\\/\\\/calorstat-classic.com\\\/index.php\\\/fr\\\/histoire\\\/\",\"name\":\"Histoire - Calorstat Classic\",\"isPartOf\":{\"@id\":\"https:\\\/\\\/calorstat-classic.com\\\/#website\"},\"primaryImageOfPage\":{\"@id\":\"https:\\\/\\\/calorstat-classic.com\\\/index.php\\\/fr\\\/histoire\\\/#primaryimage\"},\"image\":{\"@id\":\"https:\\\/\\\/calorstat-classic.com\\\/index.php\\\/fr\\\/histoire\\\/#primaryimage\"},\"thumbnailUrl\":\"https:\\\/\\\/calorstat-classic.com\\\/wp-content\\\/uploads\\\/2022\\\/06\\\/journee-de-la-collection-1024x490.jpg\",\"datePublished\":\"2022-09-07T06:53:15+00:00\",\"dateModified\":\"2022-09-29T13:21:50+00:00\",\"breadcrumb\":{\"@id\":\"https:\\\/\\\/calorstat-classic.com\\\/index.php\\\/fr\\\/histoire\\\/#breadcrumb\"},\"inLanguage\":\"en-US\",\"potentialAction\":[{\"@type\":\"ReadAction\",\"target\":[\"https:\\\/\\\/calorstat-classic.com\\\/index.php\\\/fr\\\/histoire\\\/\"]}]},{\"@type\":\"ImageObject\",\"inLanguage\":\"en-US\",\"@id\":\"https:\\\/\\\/calorstat-classic.com\\\/index.php\\\/fr\\\/histoire\\\/#primaryimage\",\"url\":\"https:\\\/\\\/calorstat-classic.com\\\/wp-content\\\/uploads\\\/2022\\\/06\\\/journee-de-la-collection.jpg\",\"contentUrl\":\"https:\\\/\\\/calorstat-classic.com\\\/wp-content\\\/uploads\\\/2022\\\/06\\\/journee-de-la-collection.jpg\",\"width\":1200,\"height\":574},{\"@type\":\"BreadcrumbList\",\"@id\":\"https:\\\/\\\/calorstat-classic.com\\\/index.php\\\/fr\\\/histoire\\\/#breadcrumb\",\"itemListElement\":[{\"@type\":\"ListItem\",\"position\":1,\"name\":\"Home\",\"item\":\"https:\\\/\\\/calorstat-classic.com\\\/\"},{\"@type\":\"ListItem\",\"position\":2,\"name\":\"Histoire\"}]},{\"@type\":\"WebSite\",\"@id\":\"https:\\\/\\\/calorstat-classic.com\\\/#website\",\"url\":\"https:\\\/\\\/calorstat-classic.com\\\/\",\"name\":\"Calorstat Classic\",\"description\":\"Thermostat Youngtimers &amp; Oldtimers specialist\",\"publisher\":{\"@id\":\"https:\\\/\\\/calorstat-classic.com\\\/#organization\"},\"potentialAction\":[{\"@type\":\"SearchAction\",\"target\":{\"@type\":\"EntryPoint\",\"urlTemplate\":\"https:\\\/\\\/calorstat-classic.com\\\/?s={search_term_string}\"},\"query-input\":{\"@type\":\"PropertyValueSpecification\",\"valueRequired\":true,\"valueName\":\"search_term_string\"}}],\"inLanguage\":\"en-US\"},{\"@type\":\"Organization\",\"@id\":\"https:\\\/\\\/calorstat-classic.com\\\/#organization\",\"name\":\"calorstat classic\",\"alternateName\":\"calorstat\",\"url\":\"https:\\\/\\\/calorstat-classic.com\\\/\",\"logo\":{\"@type\":\"ImageObject\",\"inLanguage\":\"en-US\",\"@id\":\"https:\\\/\\\/calorstat-classic.com\\\/#\\\/schema\\\/logo\\\/image\\\/\",\"url\":\"https:\\\/\\\/calorstat-classic.com\\\/wp-content\\\/uploads\\\/2022\\\/06\\\/cropped-Header-Calorstat-Classic2.png\",\"contentUrl\":\"https:\\\/\\\/calorstat-classic.com\\\/wp-content\\\/uploads\\\/2022\\\/06\\\/cropped-Header-Calorstat-Classic2.png\",\"width\":150,\"height\":68,\"caption\":\"calorstat classic\"},\"image\":{\"@id\":\"https:\\\/\\\/calorstat-classic.com\\\/#\\\/schema\\\/logo\\\/image\\\/\"},\"sameAs\":[\"https:\\\/\\\/www.facebook.com\\\/p\\\/Calorstat-by-Vernet-100083108571901\\\/\"]}]}<\/script>\n<!-- \/ Yoast SEO plugin. -->","yoast_head_json":{"title":"Histoire - Calorstat Classic","robots":{"index":"index","follow":"follow","max-snippet":"max-snippet:-1","max-image-preview":"max-image-preview:large","max-video-preview":"max-video-preview:-1"},"canonical":"https:\/\/calorstat-classic.com\/index.php\/fr\/histoire\/","og_locale":"en_US","og_type":"article","og_title":"Histoire - Calorstat Classic","og_description":"hISTOIRE 1927 CR\u00c9ATION DE CALORSTAT PAR EDGAR B FRANK La cr\u00e9ation de Calorstat en 1927 marque le d\u00e9but d&#8217;une histoire familiale destin\u00e9e \u00e0 devenir un succ\u00e8s mondial. Une histoire o\u00f9 l&#8217;innovation, la passion, l&#8217;exigence et la performance sont partag\u00e9es par tous. 1935 SP\u00c9CIALISTE DE LA TEMP\u00c9RATURE Le r\u00e9gulateur de temp\u00e9rature [&hellip;]","og_url":"https:\/\/calorstat-classic.com\/index.php\/fr\/histoire\/","og_site_name":"Calorstat Classic","article_publisher":"https:\/\/www.facebook.com\/p\/Calorstat-by-Vernet-100083108571901\/","article_modified_time":"2022-09-29T13:21:50+00:00","og_image":[{"url":"https:\/\/calorstat-classic.com\/wp-content\/uploads\/2022\/06\/journee-de-la-collection-1024x490.jpg","type":"","width":"","height":""}],"twitter_card":"summary_large_image","twitter_misc":{"Est. reading time":"1 minute"},"schema":{"@context":"https:\/\/schema.org","@graph":[{"@type":"WebPage","@id":"https:\/\/calorstat-classic.com\/index.php\/fr\/histoire\/","url":"https:\/\/calorstat-classic.com\/index.php\/fr\/histoire\/","name":"Histoire - Calorstat Classic","isPartOf":{"@id":"https:\/\/calorstat-classic.com\/#website"},"primaryImageOfPage":{"@id":"https:\/\/calorstat-classic.com\/index.php\/fr\/histoire\/#primaryimage"},"image":{"@id":"https:\/\/calorstat-classic.com\/index.php\/fr\/histoire\/#primaryimage"},"thumbnailUrl":"https:\/\/calorstat-classic.com\/wp-content\/uploads\/2022\/06\/journee-de-la-collection-1024x490.jpg","datePublished":"2022-09-07T06:53:15+00:00","dateModified":"2022-09-29T13:21:50+00:00","breadcrumb":{"@id":"https:\/\/calorstat-classic.com\/index.php\/fr\/histoire\/#breadcrumb"},"inLanguage":"en-US","potentialAction":[{"@type":"ReadAction","target":["https:\/\/calorstat-classic.com\/index.php\/fr\/histoire\/"]}]},{"@type":"ImageObject","inLanguage":"en-US","@id":"https:\/\/calorstat-classic.com\/index.php\/fr\/histoire\/#primaryimage","url":"https:\/\/calorstat-classic.com\/wp-content\/uploads\/2022\/06\/journee-de-la-collection.jpg","contentUrl":"https:\/\/calorstat-classic.com\/wp-content\/uploads\/2022\/06\/journee-de-la-collection.jpg","width":1200,"height":574},{"@type":"BreadcrumbList","@id":"https:\/\/calorstat-classic.com\/index.php\/fr\/histoire\/#breadcrumb","itemListElement":[{"@type":"ListItem","position":1,"name":"Home","item":"https:\/\/calorstat-classic.com\/"},{"@type":"ListItem","position":2,"name":"Histoire"}]},{"@type":"WebSite","@id":"https:\/\/calorstat-classic.com\/#website","url":"https:\/\/calorstat-classic.com\/","name":"Calorstat Classic","description":"Thermostat Youngtimers &amp; Oldtimers specialist","publisher":{"@id":"https:\/\/calorstat-classic.com\/#organization"},"potentialAction":[{"@type":"SearchAction","target":{"@type":"EntryPoint","urlTemplate":"https:\/\/calorstat-classic.com\/?s={search_term_string}"},"query-input":{"@type":"PropertyValueSpecification","valueRequired":true,"valueName":"search_term_string"}}],"inLanguage":"en-US"},{"@type":"Organization","@id":"https:\/\/calorstat-classic.com\/#organization","name":"calorstat classic","alternateName":"calorstat","url":"https:\/\/calorstat-classic.com\/","logo":{"@type":"ImageObject","inLanguage":"en-US","@id":"https:\/\/calorstat-classic.com\/#\/schema\/logo\/image\/","url":"https:\/\/calorstat-classic.com\/wp-content\/uploads\/2022\/06\/cropped-Header-Calorstat-Classic2.png","contentUrl":"https:\/\/calorstat-classic.com\/wp-content\/uploads\/2022\/06\/cropped-Header-Calorstat-Classic2.png","width":150,"height":68,"caption":"calorstat classic"},"image":{"@id":"https:\/\/calorstat-classic.com\/#\/schema\/logo\/image\/"},"sameAs":["https:\/\/www.facebook.com\/p\/Calorstat-by-Vernet-100083108571901\/"]}]}},"_links":{"self":[{"href":"https:\/\/calorstat-classic.com\/index.php\/wp-json\/wp\/v2\/pages\/420","targetHints":{"allow":["GET"]}}],"collection":[{"href":"https:\/\/calorstat-classic.com\/index.php\/wp-json\/wp\/v2\/pages"}],"about":[{"href":"https:\/\/calorstat-classic.com\/index.php\/wp-json\/wp\/v2\/types\/page"}],"author":[{"embeddable":true,"href":"https:\/\/calorstat-classic.com\/index.php\/wp-json\/wp\/v2\/users\/1"}],"replies":[{"embeddable":true,"href":"https:\/\/calorstat-classic.com\/index.php\/wp-json\/wp\/v2\/comments?post=420"}],"version-history":[{"count":8,"href":"https:\/\/calorstat-classic.com\/index.php\/wp-json\/wp\/v2\/pages\/420\/revisions"}],"predecessor-version":[{"id":489,"href":"https:\/\/calorstat-classic.com\/index.php\/wp-json\/wp\/v2\/pages\/420\/revisions\/489"}],"wp:attachment":[{"href":"https:\/\/calorstat-classic.com\/index.php\/wp-json\/wp\/v2\/media?parent=420"}],"curies":[{"name":"wp","href":"https:\/\/api.w.org\/{rel}","templated":true}]}}